{"id":10349,"date":"2021-03-02T08:23:58","date_gmt":"2021-03-02T08:23:58","guid":{"rendered":"https:\/\/caldan.dk.linux149.unoeuro-server.com\/somatel-2\/"},"modified":"2024-01-18T13:44:00","modified_gmt":"2024-01-18T13:44:00","slug":"somatel-2","status":"publish","type":"page","link":"https:\/\/sema-manutention.com\/de\/somatel-2\/","title":{"rendered":"SOMATEL"},"content":{"rendered":"<div>\n<p>        <img decoding=\"async\" src=\"\/wp-content\/uploads\/2021\/03\/CALDAN_SOMATEL_1000x390B.png\" alt=\"\"><\/p>\n<div>\n<div class=\"banner-descrip\">\n<div id=\"block-views-overheadbannerdts-block_1\" class=\"clear-block block block-views\">\n<div class=\"content\">\n<div class=\"view view-overheadbannerdts view-id-overheadbannerdts view-display-id-block_1 view-dom-id-2\">\n<div class=\"view-content\">\n<div class=\"views-row views-row-1 views-row-odd views-row-first views-row-last\">\n<div class=\"views-field-name\">\n<h1 style=\"text-align: right;\"><strong>H\u00e4ngef\u00f6rdertechnik <span style=\"color: #ff0000;\">\/<\/span><br \/>SOMATEL-LIEBHERR<br \/><\/strong><\/h1>\n<p style=\"text-align: right;\"><strong>PROJEKT:<br \/><\/strong>Oberfl\u00e4chenbehandlung von Teilen f\u00fcr<br \/>Baumaschinen<\/p>\n<p style=\"text-align: right;\"><strong>F\u00d6RDERSYSTEM:<\/strong><br \/>P&amp;F420 &#8211; Power &amp; Free H\u00e4ngef\u00f6rderer<br \/>\u00a0<br \/><strong>SYSTEML\u00c4NGE: <\/strong>519 m<\/p>\n<\/div>\n<\/div>\n<\/div>\n<\/div>\n<\/div>\n<\/div>\n<\/div>\n<\/div>\n<\/div>\n<div>\n<h3><strong>Projektinformation<\/strong><\/h3>\n<p><span style=\"text-decoration: underline;\">Thema:<\/span><br \/><span>Oberfl\u00e4chenbehandlungsanlag<\/span>e <span>mit<\/span> CALDAN<br \/><span>H\u00e4ngef\u00f6rderer<br \/><\/span><span style=\"text-decoration: underline;\">Endkunde:<\/span><br \/>Somatel-Liebherr Spa<br \/><span style=\"text-decoration: underline;\">Aufstellungsort:<\/span><br \/>A\u00efn Smara, Algerien<br \/><span style=\"text-decoration: underline;\">Art der Teile:<\/span><br \/>Teile f\u00fcr Baumaschinen<br \/><span style=\"text-decoration: underline;\">Teileabmessungen (L x B x H):<\/span><br \/>max. 7000 x 3600 x 2000 mm<br \/><span style=\"text-decoration: underline;\">Teilegewicht (Last):<\/span><br \/>max. 7000 kg pro Laufwagen<br \/><span style=\"text-decoration: underline;\">Taktzeit:<\/span> <br \/>15 min<br \/><span style=\"text-decoration: underline;\">F\u00f6rdergeschwindigkeit:<\/span><br \/>4-5 m\/min, Power &amp; Free, variabel<br \/><span style=\"text-decoration: underline;\">Be- und Entladen der Teile:<\/span><br \/>manuell in Stopp-Position, \u00fcber CALDAN <br \/>Hub-Senkstation, gef\u00fchrte Version<br \/><span style=\"text-decoration: underline;\">Umgebungstemperatur:<\/span><br \/>&#8211; Haftwassertrockner, max. 100 \u00b0C<br \/>&#8211; Flash off zone, max. 35\u00b0<br \/>&#8211; Lacktrockner, max. 80\u00b0<\/p>\n<p><span style=\"color: #000000;\"><strong>EINGESETZTES F\u00d6RDERSYSTEM<\/strong><\/span><br \/><span style=\"text-decoration: underline;\">Typ:<\/span><br \/>P&amp;F420 &#8211; Heavy Duty, <br \/><a href=\"https:\/\/sema-manutention.com\/de\/overhead-conveyor\/\" target=\"_blank\" rel=\"noopener\">Power &amp; Free H\u00e4ngef\u00f6rderer<\/a><br \/><span style=\"text-decoration: underline;\">Art der Kette:<\/span><br \/>Kardankette<br \/><strong><span style=\"color: #000000;\">Laufwagen Ausf\u00fchrung:<\/span><\/strong><br \/>8-fach Laufwagen<br \/><span style=\"text-decoration: underline;\">Traversenl\u00e4nge:<\/span> <br \/>7000 mm<\/p>\n<p><span style=\"color: #000000;\"><strong>SYSTEML\u00c4NGE, KOMPLETT<\/strong><\/span><br \/>519 m.<\/p>\n<\/p>\n<\/div>\n<p>\n    <a href=\"https:\/\/sema-manutention.com\/de\/row\/\">ROW<\/a>\n<\/p>\n<p><a href=\"https:\/\/vimeo.com\/297259897\"><img decoding=\"async\" src=\"\/wp-content\/uploads\/2021\/03\/CALDAN_SOMATEL_1000x390.png\" alt=\"\"><\/a><\/p>\n<div>\n<p style=\"text-align: right;\">CALDAN \/ SOMATEL-LIEBHERR Referenzvideo <span style=\"color: #ff0000;\"><strong>\u21d1<\/strong><\/span>\u00a0 <\/p>\n<\/div>\n<p><img decoding=\"async\" src=\"\/wp-content\/uploads\/2021\/03\/CALDAN_SOMATEL_700x700.png\" alt=\"\"><\/p>\n<div>\n<p style=\"text-align: right;\"><a href=\"https:\/\/sema-manutention.com\/de\/overhead-power-and-free-conveyor-system-pf420\/\" target=\"_blank\" rel=\"noopener\"><strong>P&amp;F420 <\/strong>&#8211; Power &amp; Free H\u00e4ngef\u00f6rderer<\/a> im Einsatz bei SOMATEL-LIEBHERR, Algerien<strong><\/strong><\/p>\n<\/div>\n<div>\n<p>        <img decoding=\"async\" src=\"\/wp-content\/uploads\/2021\/01\/Worldmap_fritlagt.png\" alt=\"\"><\/p>\n<div>\n<div class=\"banner-descrip\">\n<div id=\"block-views-overheadbannerdts-block_1\" class=\"clear-block block block-views\">\n<div class=\"content\">\n<div class=\"view view-overheadbannerdts view-id-overheadbannerdts view-display-id-block_1 view-dom-id-2\">\n<div class=\"view-content\">\n<div class=\"views-row views-row-1 views-row-odd views-row-first views-row-last\">\n<div class=\"views-field-name\">\n<h3 style=\"text-align: center;\"><strong>Conveyor solutions <\/strong>for world renowned brands<span style=\"color: #ff0000;\">.<\/span><\/h3>\n<\/div>\n<\/div>\n<\/div>\n<\/div>\n<\/div>\n<\/div>\n<\/div>\n<\/div>\n<\/div>\n<p><!--more--><br \/>\n<!-- {\"name\":\"CASE STORY - customer\",\"type\":\"layout\",\"children\":[{\"type\":\"section\",\"props\":{\"style\":\"default\",\"width\":\"default\",\"vertical_align\":\"middle\",\"title_position\":\"top-left\",\"title_rotation\":\"left\",\"title_breakpoint\":\"xl\",\"image_position\":\"center-center\",\"padding_remove_bottom\":true,\"padding_remove_top\":true,\"overlap\":false,\"image\":\"wp-content\\\/uploads\\\/2020\\\/12\\\/5120x700.png\",\"image_size\":\"cover\"},\"children\":[{\"type\":\"row\",\"children\":[{\"type\":\"column\",\"props\":{\"image_position\":\"center-center\",\"media_overlay_gradient\":\"\",\"width_medium\":\"1-5\",\"position_sticky_breakpoint\":\"m\"},\"children\":[{\"type\":\"module_position\",\"props\":{\"layout\":\"stack\",\"breakpoint\":\"m\",\"content\":\"builder-2\"}}]},{\"type\":\"column\",\"props\":{\"image_position\":\"center-center\",\"media_overlay_gradient\":\"\",\"width_medium\":\"4-5\",\"position_sticky_breakpoint\":\"m\"},\"children\":[{\"type\":\"overlay\",\"props\":{\"link_text\":\"Read more\",\"overlay_mode\":\"caption\",\"overlay_hover\":false,\"overlay_style\":\"\",\"text_color\":\"light\",\"overlay_position\":\"top-right\",\"overlay_transition\":\"fade\",\"title_hover_style\":\"reset\",\"title_element\":\"h3\",\"meta_style\":\"meta\",\"meta_align\":\"below-title\",\"meta_element\":\"div\",\"link_style\":\"default\",\"text_align\":\"center\",\"margin\":\"default\",\"image\":\"wp-content\\\/uploads\\\/2021\\\/03\\\/CALDAN_SOMATEL_1000x390B.png\",\"content\":\"\n\n<div class=\\\"banner-descrip\\\">\\n\n\n<div id=\\\"block-views-overheadbannerdts-block_1\\\" class=\\\"clear-block block block-views\\\">\\n\n\n<div class=\\\"content\\\">\\n\n\n<div class=\\\"view view-overheadbannerdts view-id-overheadbannerdts view-display-id-block_1 view-dom-id-2\\\">\\n\n\n<div class=\\\"view-content\\\">\\n\n\n<div class=\\\"views-row views-row-1 views-row-odd views-row-first views-row-last\\\">\\n\n\n<div class=\\\"views-field-name\\\">\\n\n\n<h1 style=\\\"text-align: right;\\\"><strong>H\\u00e4ngef\\u00f6rdertechnik <span style=\\\"color: #ff0000;\\\">\\\/<\\\/span><br \\\/>SOMATEL-LIEBHERR<br \\\/><\\\/strong><\\\/h1>\\n\n\n<p style=\\\"text-align: right;\\\"><strong>PROJEKT:<br \\\/><\\\/strong>Oberfl\\u00e4chenbehandlung von Teilen f\\u00fcr<br \\\/>Baumaschinen<\\\/p>\\n\n\n<p style=\\\"text-align: right;\\\"><strong>F\\u00d6RDERSYSTEM:<\\\/strong><br \\\/>P&amp;F420 - Power &amp; Free H\\u00e4ngef\\u00f6rderer<br \\\/>\\u00a0<br \\\/><strong>SYSTEML\\u00c4NGE: <\\\/strong>519 m<\\\/p>\\n<\\\/div>\\n<\\\/div>\\n<\\\/div>\\n<\\\/div>\\n<\\\/div>\\n<\\\/div>\\n<\\\/div>\",\"title\":\"\",\"overlay_transition_background\":false}}]}],\"props\":{\"layout\":\"1-5,4-5\"}}]},{\"type\":\"section\",\"props\":{\"style\":\"default\",\"width\":\"default\",\"vertical_align\":\"middle\",\"title_position\":\"top-left\",\"title_rotation\":\"left\",\"title_breakpoint\":\"xl\",\"image_position\":\"center-center\",\"padding\":\"xsmall\"},\"children\":[{\"type\":\"row\",\"children\":[{\"type\":\"column\",\"props\":{\"image_position\":\"center-center\",\"media_overlay_gradient\":\"\",\"position_sticky_breakpoint\":\"m\"},\"children\":[]}]}]},{\"type\":\"section\",\"props\":{\"style\":\"default\",\"width\":\"default\",\"vertical_align\":\"middle\",\"title_position\":\"top-left\",\"title_rotation\":\"left\",\"title_breakpoint\":\"xl\",\"image_position\":\"center-center\",\"padding_remove_bottom\":false,\"padding_remove_top\":true},\"children\":[{\"type\":\"row\",\"props\":{\"layout\":\"2-5,3-5\",\"divider\":true},\"children\":[{\"type\":\"column\",\"props\":{\"image_position\":\"center-center\",\"media_overlay_gradient\":\"\",\"width_medium\":\"2-5\",\"position_sticky_breakpoint\":\"m\"},\"children\":[{\"type\":\"text\",\"props\":{\"margin\":\"default\",\"column_breakpoint\":\"m\",\"content\":\"\n\n<h3><strong>Projektinformation<\\\/strong><\\\/h3>\\n\n\n<p><span style=\\\"text-decoration: underline;\\\">Thema:<\\\/span><br \\\/><span>Oberfl\\u00e4chenbehandlungsanlag<\\\/span>e <span>mit<\\\/span> CALDAN<br \\\/><span>H\\u00e4ngef\\u00f6rderer<br \\\/><\\\/span><span style=\\\"text-decoration: underline;\\\">Endkunde:<\\\/span><br \\\/>Somatel-Liebherr Spa<br \\\/><span style=\\\"text-decoration: underline;\\\">Aufstellungsort:<\\\/span><br \\\/>A\\u00efn Smara, Algerien<br \\\/><span style=\\\"text-decoration: underline;\\\">Art der Teile:<\\\/span><br \\\/>Teile f\\u00fcr Baumaschinen<br \\\/><span style=\\\"text-decoration: underline;\\\">Teileabmessungen (L x B x H):<\\\/span><br \\\/>max. 7000 x 3600 x 2000 mm<br \\\/><span style=\\\"text-decoration: underline;\\\">Teilegewicht (Last):<\\\/span><br \\\/>max. 7000 kg pro Laufwagen<br \\\/><span style=\\\"text-decoration: underline;\\\">Taktzeit:<\\\/span> <br \\\/>15 min<br \\\/><span style=\\\"text-decoration: underline;\\\">F\\u00f6rdergeschwindigkeit:<\\\/span><br \\\/>4-5 m\\\/min, Power &amp; Free, variabel<br \\\/><span style=\\\"text-decoration: underline;\\\">Be- und Entladen der Teile:<\\\/span><br \\\/>manuell in Stopp-Position, \\u00fcber CALDAN <br \\\/>Hub-Senkstation, gef\\u00fchrte Version<br \\\/><span style=\\\"text-decoration: underline;\\\">Umgebungstemperatur:<\\\/span><br \\\/>- Haftwassertrockner, max. 100 \\u00b0C<br \\\/>- Flash off zone, max. 35\\u00b0<br \\\/>- Lacktrockner, max. 80\\u00b0<\\\/p>\\n\n\n<p><span style=\\\"color: #000000;\\\"><strong>EINGESETZTES F\\u00d6RDERSYSTEM<\\\/strong><\\\/span><br \\\/><span style=\\\"text-decoration: underline;\\\">Typ:<\\\/span><br \\\/>P&amp;F420 - Heavy Duty, <br \\\/><a href=\\\"https:\\\/\\\/sema-manutention.com\\\/de\\\/overhead-conveyor\\\/\\\" target=\\\"_blank\\\" rel=\\\"noopener\\\">Power &amp; Free H\\u00e4ngef\\u00f6rderer<\\\/a><br \\\/><span style=\\\"text-decoration: underline;\\\">Art der Kette:<\\\/span><br \\\/>Kardankette<br \\\/><strong><span style=\\\"color: #000000;\\\">Laufwagen Ausf\\u00fchrung:<\\\/span><\\\/strong><br \\\/>8-fach Laufwagen<br \\\/><span style=\\\"text-decoration: underline;\\\">Traversenl\\u00e4nge:<\\\/span> <br \\\/>7000 mm<\\\/p>\\n\n\n<p><span style=\\\"color: #000000;\\\"><strong>SYSTEML\\u00c4NGE, KOMPLETT<\\\/strong><\\\/span><br \\\/>519 m.<\\\/p>\\n\n\n<p><\\\/p>\\n\n\n<p><\\\/p>\",\"dropcap\":false}},{\"type\":\"button\",\"props\":{\"grid_column_gap\":\"small\",\"grid_row_gap\":\"small\",\"margin\":\"default\",\"button_size\":\"small\"},\"children\":[{\"type\":\"button_item\",\"props\":{\"button_style\":\"default\",\"icon_align\":\"left\",\"link_title\":\"ROW\",\"content\":\"ROW\",\"link\":\"https:\\\/\\\/sema-manutention.com\\\/de\\\/row\\\/\",\"link_target\":\"blank\",\"icon\":\"chevron-double-right\"}}]}]},{\"type\":\"column\",\"props\":{\"image_position\":\"center-center\",\"media_overlay_gradient\":\"\",\"width_medium\":\"3-5\",\"position_sticky_breakpoint\":\"m\"},\"children\":[{\"type\":\"image\",\"props\":{\"margin\":\"default\",\"image_svg_color\":\"emphasis\",\"image\":\"wp-content\\\/uploads\\\/2021\\\/03\\\/CALDAN_SOMATEL_1000x390.png\",\"image_border\":\"rounded\",\"image_box_shadow\":\"small\",\"image_width\":\"700\",\"link\":\"https:\\\/\\\/vimeo.com\\\/297259897\",\"link_target\":\"blank\"}},{\"type\":\"text\",\"props\":{\"margin\":\"default\",\"column_breakpoint\":\"m\",\"content\":\"\n\n<p style=\\\"text-align: right;\\\">CALDAN \\\/ SOMATEL-LIEBHERR Referenzvideo <span style=\\\"color: #ff0000;\\\"><strong>\\u21d1<\\\/strong><\\\/span>\\u00a0 <\\\/p>\"}},{\"type\":\"image\",\"props\":{\"margin\":\"default\",\"image_svg_color\":\"emphasis\",\"image\":\"wp-content\\\/uploads\\\/2021\\\/03\\\/CALDAN_SOMATEL_700x700.png\",\"image_width\":\"700\",\"image_border\":\"rounded\",\"image_box_shadow\":\"small\"}},{\"type\":\"text\",\"props\":{\"margin\":\"default\",\"column_breakpoint\":\"m\",\"content\":\"\n\n<p style=\\\"text-align: right;\\\"><a href=\\\"https:\\\/\\\/sema-manutention.com\\\/de\\\/overhead-power-and-free-conveyor-system-pf420\\\/\\\" target=\\\"_blank\\\" rel=\\\"noopener\\\"><strong>P&amp;F420 <\\\/strong>- Power &amp; Free H\\u00e4ngef\\u00f6rderer<\\\/a> im Einsatz bei SOMATEL-LIEBHERR, Algerien<strong><\\\/strong><\\\/p>\"}}]}]},{\"type\":\"row\",\"children\":[{\"type\":\"column\",\"props\":{\"image_position\":\"center-center\",\"media_overlay_gradient\":\"\",\"position_sticky_breakpoint\":\"m\"},\"children\":[]}]},{\"type\":\"row\",\"children\":[{\"type\":\"column\",\"props\":{\"image_position\":\"center-center\",\"media_overlay_gradient\":\"\",\"position_sticky_breakpoint\":\"m\"},\"children\":[{\"type\":\"overlay\",\"props\":{\"link_text\":\"Read more\",\"overlay_mode\":\"caption\",\"overlay_hover\":false,\"overlay_style\":\"\",\"text_color\":\"dark\",\"overlay_position\":\"center\",\"overlay_transition\":\"fade\",\"title_hover_style\":\"reset\",\"title_element\":\"h3\",\"meta_style\":\"meta\",\"meta_align\":\"below-title\",\"meta_element\":\"div\",\"link_style\":\"default\",\"text_align\":\"center\",\"margin\":\"default\",\"image\":\"wp-content\\\/uploads\\\/2021\\\/01\\\/Worldmap_fritlagt.png\",\"content\":\"\n\n<div class=\\\"banner-descrip\\\">\\n\n\n<div id=\\\"block-views-overheadbannerdts-block_1\\\" class=\\\"clear-block block block-views\\\">\\n\n\n<div class=\\\"content\\\">\\n\n\n<div class=\\\"view view-overheadbannerdts view-id-overheadbannerdts view-display-id-block_1 view-dom-id-2\\\">\\n\n\n<div class=\\\"view-content\\\">\\n\n\n<div class=\\\"views-row views-row-1 views-row-odd views-row-first views-row-last\\\">\\n\n\n<div class=\\\"views-field-name\\\">\\n\n\n<h3 style=\\\"text-align: center;\\\"><strong>Conveyor solutions <\\\/strong>for world renowned brands<span style=\\\"color: #ff0000;\\\">.<\\\/span><\\\/h3>\\n<\\\/div>\\n<\\\/div>\\n<\\\/div>\\n<\\\/div>\\n<\\\/div>\\n<\\\/div>\\n<\\\/div>\",\"title\":\"\",\"overlay_transition_background\":false,\"image_width\":\"1000\"},\"modified\":\"2021-01-27T07:04:48.969Z\",\"name\":\"CALDAN bottom - 1\"}]}]}]}],\"version\":\"2.7.22\"} --><\/p>\n","protected":false},"excerpt":{"rendered":"<p>H\u00e4ngef\u00f6rdertechnik \/SOMATEL-LIEBHERR PROJEKT:Oberfl\u00e4chenbehandlung von Teilen f\u00fcrBaumaschinen F\u00d6RDERSYSTEM:P&amp;F420 &#8211; Power &amp; Free H\u00e4ngef\u00f6rderer\u00a0SYSTEML\u00c4NGE: 519 m Projektinformation Thema:Oberfl\u00e4chenbehandlungsanlage mit CALDANH\u00e4ngef\u00f6rdererEndkunde:Somatel-Liebherr SpaAufstellungsort:A\u00efn Smara, AlgerienArt der Teile:Teile f\u00fcr BaumaschinenTeileabmessungen (L x B x H):max. 7000 x 3600 x 2000 mmTeilegewicht (Last):max. 7000 kg pro LaufwagenTaktzeit: 15 minF\u00f6rdergeschwindigkeit:4-5 m\/min, Power &amp; Free, variabelBe- und Entladen der Teile:manuell in Stopp-Position, \u00fcber [&hellip;]<\/p>\n","protected":false},"author":1,"featured_media":0,"parent":0,"menu_order":0,"comment_status":"closed","ping_status":"closed","template":"","meta":{"footnotes":""},"class_list":["post-10349","page","type-page","status-publish","hentry"],"yoast_head":"<!-- This site is optimized with the Yoast SEO Premium plugin v26.3 (Yoast SEO v27.5) - https:\/\/yoast.com\/product\/yoast-seo-premium-wordpress\/ -->\n<title>SOMATEL - SEMA - superior conveyor systems<\/title>\n<meta name=\"description\" content=\"SEMA - SOMATEL - Caldan Conveyor is the leading supplier of overhead conveyors and floor conveyors for operators across the the globe.\" \/>\n<meta name=\"robots\" content=\"index, follow, max-snippet:-1, max-image-preview:large, max-video-preview:-1\" \/>\n<link rel=\"canonical\" href=\"https:\/\/sema-manutention.com\/somatel-2\/\" \/>\n<meta property=\"og:locale\" content=\"de_DE\" \/>\n<meta property=\"og:type\" content=\"article\" \/>\n<meta property=\"og:title\" content=\"SOMATEL\" \/>\n<meta property=\"og:description\" content=\"SEMA - SOMATEL - Caldan Conveyor is the leading supplier of overhead conveyors and floor conveyors for operators across the the globe.\" \/>\n<meta property=\"og:url\" content=\"https:\/\/sema-manutention.com\/somatel-2\/\" \/>\n<meta property=\"og:site_name\" content=\"SEMA -\" \/>\n<meta property=\"article:publisher\" content=\"https:\/\/www.facebook.com\/caldanconveyor\" \/>\n<meta property=\"article:modified_time\" content=\"2024-01-18T13:44:00+00:00\" \/>\n<meta name=\"twitter:card\" content=\"summary_large_image\" \/>\n<meta name=\"twitter:site\" content=\"@caldan_conveyor\" \/>\n<meta name=\"twitter:label1\" content=\"Gesch\u00e4tzte Lesezeit\" \/>\n\t<meta name=\"twitter:data1\" content=\"1\u00a0Minute\" \/>\n<script type=\"application\/ld+json\" class=\"yoast-schema-graph\">{\"@context\":\"https:\\\/\\\/schema.org\",\"@graph\":[{\"@type\":\"WebPage\",\"@id\":\"https:\\\/\\\/sema-manutention.com\\\/somatel-2\\\/\",\"url\":\"https:\\\/\\\/sema-manutention.com\\\/somatel-2\\\/\",\"name\":\"SOMATEL - SEMA - superior conveyor systems\",\"isPartOf\":{\"@id\":\"https:\\\/\\\/sema-manutention.com\\\/#website\"},\"datePublished\":\"2021-03-02T08:23:58+00:00\",\"dateModified\":\"2024-01-18T13:44:00+00:00\",\"description\":\"SEMA - SOMATEL - Caldan Conveyor is the leading supplier of overhead conveyors and floor conveyors for operators across the the globe.\",\"breadcrumb\":{\"@id\":\"https:\\\/\\\/sema-manutention.com\\\/somatel-2\\\/#breadcrumb\"},\"inLanguage\":\"de\",\"potentialAction\":[{\"@type\":\"ReadAction\",\"target\":[\"https:\\\/\\\/sema-manutention.com\\\/somatel-2\\\/\"]}]},{\"@type\":\"BreadcrumbList\",\"@id\":\"https:\\\/\\\/sema-manutention.com\\\/somatel-2\\\/#breadcrumb\",\"itemListElement\":[{\"@type\":\"ListItem\",\"position\":1,\"name\":\"Home\",\"item\":\"https:\\\/\\\/sema-manutention.com\\\/\"},{\"@type\":\"ListItem\",\"position\":2,\"name\":\"SOMATEL\"}]},{\"@type\":\"WebSite\",\"@id\":\"https:\\\/\\\/sema-manutention.com\\\/#website\",\"url\":\"https:\\\/\\\/sema-manutention.com\\\/\",\"name\":\"SEMA -\",\"description\":\"Overhead conveyor and floor conveyor\",\"publisher\":{\"@id\":\"https:\\\/\\\/sema-manutention.com\\\/#organization\"},\"potentialAction\":[{\"@type\":\"SearchAction\",\"target\":{\"@type\":\"EntryPoint\",\"urlTemplate\":\"https:\\\/\\\/sema-manutention.com\\\/?s={search_term_string}\"},\"query-input\":{\"@type\":\"PropertyValueSpecification\",\"valueRequired\":true,\"valueName\":\"search_term_string\"}}],\"inLanguage\":\"de\"},{\"@type\":\"Organization\",\"@id\":\"https:\\\/\\\/sema-manutention.com\\\/#organization\",\"name\":\"CALDAN Conveyor A\\\/S\",\"url\":\"https:\\\/\\\/sema-manutention.com\\\/\",\"logo\":{\"@type\":\"ImageObject\",\"inLanguage\":\"de\",\"@id\":\"https:\\\/\\\/sema-manutention.com\\\/#\\\/schema\\\/logo\\\/image\\\/\",\"url\":\"https:\\\/\\\/sema-manutention.com.linux247.unoeuro-server.com\\\/wp-content\\\/uploads\\\/2025\\\/05\\\/CALDAN_logoyoast.png\",\"contentUrl\":\"https:\\\/\\\/sema-manutention.com.linux247.unoeuro-server.com\\\/wp-content\\\/uploads\\\/2025\\\/05\\\/CALDAN_logoyoast.png\",\"width\":696,\"height\":696,\"caption\":\"CALDAN Conveyor A\\\/S\"},\"image\":{\"@id\":\"https:\\\/\\\/sema-manutention.com\\\/#\\\/schema\\\/logo\\\/image\\\/\"},\"sameAs\":[\"https:\\\/\\\/www.facebook.com\\\/caldanconveyor\",\"https:\\\/\\\/x.com\\\/caldan_conveyor\",\"https:\\\/\\\/www.linkedin.com\\\/company\\\/927752\\\/\",\"https:\\\/\\\/www.youtube.com\\\/channel\\\/UCpWecoGCSse9sgXwucr08Vw\"]}]}<\/script>\n<!-- \/ Yoast SEO Premium plugin. -->","yoast_head_json":{"title":"SOMATEL - SEMA - superior conveyor systems","description":"SEMA - SOMATEL - Caldan Conveyor is the leading supplier of overhead conveyors and floor conveyors for operators across the the globe.","robots":{"index":"index","follow":"follow","max-snippet":"max-snippet:-1","max-image-preview":"max-image-preview:large","max-video-preview":"max-video-preview:-1"},"canonical":"https:\/\/sema-manutention.com\/somatel-2\/","og_locale":"de_DE","og_type":"article","og_title":"SOMATEL","og_description":"SEMA - SOMATEL - Caldan Conveyor is the leading supplier of overhead conveyors and floor conveyors for operators across the the globe.","og_url":"https:\/\/sema-manutention.com\/somatel-2\/","og_site_name":"SEMA -","article_publisher":"https:\/\/www.facebook.com\/caldanconveyor","article_modified_time":"2024-01-18T13:44:00+00:00","twitter_card":"summary_large_image","twitter_site":"@caldan_conveyor","twitter_misc":{"Gesch\u00e4tzte Lesezeit":"1\u00a0Minute"},"schema":{"@context":"https:\/\/schema.org","@graph":[{"@type":"WebPage","@id":"https:\/\/sema-manutention.com\/somatel-2\/","url":"https:\/\/sema-manutention.com\/somatel-2\/","name":"SOMATEL - SEMA - superior conveyor systems","isPartOf":{"@id":"https:\/\/sema-manutention.com\/#website"},"datePublished":"2021-03-02T08:23:58+00:00","dateModified":"2024-01-18T13:44:00+00:00","description":"SEMA - SOMATEL - Caldan Conveyor is the leading supplier of overhead conveyors and floor conveyors for operators across the the globe.","breadcrumb":{"@id":"https:\/\/sema-manutention.com\/somatel-2\/#breadcrumb"},"inLanguage":"de","potentialAction":[{"@type":"ReadAction","target":["https:\/\/sema-manutention.com\/somatel-2\/"]}]},{"@type":"BreadcrumbList","@id":"https:\/\/sema-manutention.com\/somatel-2\/#breadcrumb","itemListElement":[{"@type":"ListItem","position":1,"name":"Home","item":"https:\/\/sema-manutention.com\/"},{"@type":"ListItem","position":2,"name":"SOMATEL"}]},{"@type":"WebSite","@id":"https:\/\/sema-manutention.com\/#website","url":"https:\/\/sema-manutention.com\/","name":"SEMA -","description":"Overhead conveyor and floor conveyor","publisher":{"@id":"https:\/\/sema-manutention.com\/#organization"},"potentialAction":[{"@type":"SearchAction","target":{"@type":"EntryPoint","urlTemplate":"https:\/\/sema-manutention.com\/?s={search_term_string}"},"query-input":{"@type":"PropertyValueSpecification","valueRequired":true,"valueName":"search_term_string"}}],"inLanguage":"de"},{"@type":"Organization","@id":"https:\/\/sema-manutention.com\/#organization","name":"CALDAN Conveyor A\/S","url":"https:\/\/sema-manutention.com\/","logo":{"@type":"ImageObject","inLanguage":"de","@id":"https:\/\/sema-manutention.com\/#\/schema\/logo\/image\/","url":"https:\/\/sema-manutention.com.linux247.unoeuro-server.com\/wp-content\/uploads\/2025\/05\/CALDAN_logoyoast.png","contentUrl":"https:\/\/sema-manutention.com.linux247.unoeuro-server.com\/wp-content\/uploads\/2025\/05\/CALDAN_logoyoast.png","width":696,"height":696,"caption":"CALDAN Conveyor A\/S"},"image":{"@id":"https:\/\/sema-manutention.com\/#\/schema\/logo\/image\/"},"sameAs":["https:\/\/www.facebook.com\/caldanconveyor","https:\/\/x.com\/caldan_conveyor","https:\/\/www.linkedin.com\/company\/927752\/","https:\/\/www.youtube.com\/channel\/UCpWecoGCSse9sgXwucr08Vw"]}]}},"_links":{"self":[{"href":"https:\/\/sema-manutention.com\/de\/wp-json\/wp\/v2\/pages\/10349","targetHints":{"allow":["GET"]}}],"collection":[{"href":"https:\/\/sema-manutention.com\/de\/wp-json\/wp\/v2\/pages"}],"about":[{"href":"https:\/\/sema-manutention.com\/de\/wp-json\/wp\/v2\/types\/page"}],"author":[{"embeddable":true,"href":"https:\/\/sema-manutention.com\/de\/wp-json\/wp\/v2\/users\/1"}],"replies":[{"embeddable":true,"href":"https:\/\/sema-manutention.com\/de\/wp-json\/wp\/v2\/comments?post=10349"}],"version-history":[{"count":0,"href":"https:\/\/sema-manutention.com\/de\/wp-json\/wp\/v2\/pages\/10349\/revisions"}],"wp:attachment":[{"href":"https:\/\/sema-manutention.com\/de\/wp-json\/wp\/v2\/media?parent=10349"}],"curies":[{"name":"wp","href":"https:\/\/api.w.org\/{rel}","templated":true}]}}